{"id":101,"date":"2025-09-01T14:50:27","date_gmt":"2025-09-01T14:50:27","guid":{"rendered":"https:\/\/www.senvoivuokrata.fi\/?page_id=101"},"modified":"2025-09-02T18:04:42","modified_gmt":"2025-09-02T18:04:42","slug":"porraskarryt","status":"publish","type":"page","link":"https:\/\/www.senvoivuokrata.fi\/index.php\/porraskarryt\/","title":{"rendered":"Porrask\u00e4rryt"},"content":{"rendered":"\n<p>Porrask\u00e4rryn \/ nokkak\u00e4rryn kanssa muuttaminen on paljon helpompaa. N\u00e4ill\u00e4 pystyy yksin kuljettamaan esim. uunin tai pesukoneen rappusia pitkin. <\/p>\n\n\n\n<p>Tekniset tiedot:<br>Kantavuus 150 kg<br>Yl\u00f6staitettava kuormataso 53 x 34 cm<br>Paino n. 16 kg<\/p>\n\n\n\n<p>Hinnasto:<br>10\u20ac \/ vrk<br>15\u20ac \/ 3 vrk<br>Pidemm\u00e4t ajat sopimuksen mukaan.<br>Kaikki hinnat sis\u00e4lt\u00e4v\u00e4t ALV 25,5%.<br><\/p>\n\n\n\n<div class=\"wp-block-media-text is-stacked-on-mobile\"><figure class=\"wp-block-media-text__media\"><video controls src=\"https:\/\/www.senvoivuokrata.fi\/wp-content\/uploads\/2025\/09\/VID_20250803_062109_973.mp4\"><\/video><\/figure><div class=\"wp-block-media-text__content\">\n<p><\/p>\n<\/div><\/div>\n","protected":false},"excerpt":{"rendered":"<p>Porrask\u00e4rryn \/ nokkak\u00e4rryn kanssa muuttaminen on paljon helpompaa. N\u00e4ill\u00e4 pystyy yksin kuljettamaan esim. uunin tai pesukoneen rappusia pitkin. Tekniset tiedot:Kantavuus 150 kgYl\u00f6staitettava kuormataso 53 x 34 cmPaino n. 16 kg Hinnasto:10\u20ac \/ vrk15\u20ac \/ 3 vrkPidemm\u00e4t ajat sopimuksen mukaan.Kaikki hinnat sis\u00e4lt\u00e4v\u00e4t ALV 25,5%.<\/p>\n","protected":false},"author":1,"featured_media":46,"parent":0,"menu_order":0,"comment_status":"closed","ping_status":"closed","template":"","meta":{"footnotes":""},"class_list":["post-101","page","type-page","status-publish","has-post-thumbnail","hentry","entry"],"_links":{"self":[{"href":"https:\/\/www.senvoivuokrata.fi\/index.php\/wp-json\/wp\/v2\/pages\/101","targetHints":{"allow":["GET"]}}],"collection":[{"href":"https:\/\/www.senvoivuokrata.fi\/index.php\/wp-json\/wp\/v2\/pages"}],"about":[{"href":"https:\/\/www.senvoivuokrata.fi\/index.php\/wp-json\/wp\/v2\/types\/page"}],"author":[{"embeddable":true,"href":"https:\/\/www.senvoivuokrata.fi\/index.php\/wp-json\/wp\/v2\/users\/1"}],"replies":[{"embeddable":true,"href":"https:\/\/www.senvoivuokrata.fi\/index.php\/wp-json\/wp\/v2\/comments?post=101"}],"version-history":[{"count":4,"href":"https:\/\/www.senvoivuokrata.fi\/index.php\/wp-json\/wp\/v2\/pages\/101\/revisions"}],"predecessor-version":[{"id":122,"href":"https:\/\/www.senvoivuokrata.fi\/index.php\/wp-json\/wp\/v2\/pages\/101\/revisions\/122"}],"wp:featuredmedia":[{"embeddable":true,"href":"https:\/\/www.senvoivuokrata.fi\/index.php\/wp-json\/wp\/v2\/media\/46"}],"wp:attachment":[{"href":"https:\/\/www.senvoivuokrata.fi\/index.php\/wp-json\/wp\/v2\/media?parent=101"}],"curies":[{"name":"wp","href":"https:\/\/api.w.org\/{rel}","templated":true}]}}