{"id":123,"date":"2025-09-03T16:21:11","date_gmt":"2025-09-03T16:21:11","guid":{"rendered":"https:\/\/www.senvoivuokrata.fi\/?page_id=123"},"modified":"2025-09-03T16:26:37","modified_gmt":"2025-09-03T16:26:37","slug":"kattoteltta","status":"publish","type":"page","link":"https:\/\/www.senvoivuokrata.fi\/index.php\/kattoteltta\/","title":{"rendered":"Kattoteltta"},"content":{"rendered":"\n<p>Trekker Cabin L kattoteltta ja siihen sopiva alateltta. T\u00e4m\u00e4n kun laittaa auton katolle, niin leiriytyminen tulee paljon helpommaksi ja hauskemmaksi. Ylh\u00e4\u00e4lt\u00e4 on hyv\u00e4t n\u00e4k\u00f6alat, eik\u00e4 maasta nouseva kosteus tule pilaamaan y\u00f6unia. Ovien \/ ikkunoiden hyttysverkot ja mukava 5 cm paksu patja takaavat hyv\u00e4t ja rauhalliset unet. Telttaan mahtuu mukavasti 2 henke\u00e4.<\/p>\n\n\n\n<p>Teltta kiinnitet\u00e4\u00e4n auton kattotelineisiin, kiinnitykseen saa apua vuokrauksen yhteydess\u00e4. Voidaan kiinnitt\u00e4\u00e4 kaikkiin kattotelineisiin, joissa on riitt\u00e4v\u00e4 kantama. Halutessaan vuokraan kuuluu yleisimpiin kattokaiteisiin sopivat telineet. Teltta sis\u00e4lt\u00e4\u00e4 alumiiniset teleskooppitikkaat, joten kulku on hyvin helppoa. Teltan pystytys ja purku on my\u00f6s helppoa, kest\u00e4\u00e4 ainoastaan muutaman minuutin ja opetetaan teltan haun yhteydess\u00e4. Jos kyseess\u00e4 on korkea auto, kuten meill\u00e4, niin mukaan saa toiset tikkaat, jotka helpottaa huomattavasti teltan k\u00e4sittely\u00e4. <\/p>\n\n\n\n<p>Tekniset tiedot:<br>Kantavuus 300 kg. <br>Mitat avattuna: 240x140x126 cm<br>Mitat suljettuna: 120x140x20 cm<br>Paino n. 55 kg<br>Kaksi ovea ja kaksi ikkunaa, kaikissa hyttysverkot<\/p>\n\n\n\n<p>Pakettiin kuuluu my\u00f6s alateltta, jolloin koko kattoteltan alapuolinen tila on suojassa sateelta. T\u00e4t\u00e4 ei kuitenkaan ole ehditty itse testaamaan, niin ei my\u00f6sk\u00e4\u00e4n ole kuvia tai kokemusta alateltasta.<br>My\u00f6s auton oikaisemiseen vinolla maalla k\u00e4ytett\u00e4v\u00e4t kiilat kuuluvat vuokraan (2 kpl).<\/p>\n\n\n\n<p>T\u00e4rkeit\u00e4 huomioita:<br>Varmista auton kantavuus! Teltan yksi reuna tuetaan maata vasten tikkailla, joten paikallaan ollessa auton kattotelineiden kantavuus kerrotaan kolmella.<br>Varmista sopivuus auton valmistajalta, jos autossa on lasikatto.<br>Teltan tai auton kantavuutta ei saa miss\u00e4\u00e4n nimess\u00e4 ylitt\u00e4\u00e4.<br>Leiriydyth\u00e4n vain sellaisissa paikoissa, joissa se on sallittua.<\/p>\n\n\n\n<p>Hinnasto:<br>50\u20ac \/ 1 vrk<br>100\u20ac \/ 3 vrk<br>150\u20ac \/ 7 vrk<br>Pidemm\u00e4t ajat sopimuksen mukaan.<br>Kaikki hinnat sis\u00e4lt\u00e4v\u00e4t ALV 25,5%.<\/p>\n\n\n\n<figure class=\"wp-block-image size-large\"><img loading=\"lazy\" decoding=\"async\" width=\"768\" height=\"1024\" src=\"https:\/\/www.senvoivuokrata.fi\/wp-content\/uploads\/2025\/09\/IMG_20250629_125050_707-768x1024.webp\" alt=\"\" class=\"wp-image-129\" srcset=\"https:\/\/www.senvoivuokrata.fi\/wp-content\/uploads\/2025\/09\/IMG_20250629_125050_707-768x1024.webp 768w, https:\/\/www.senvoivuokrata.fi\/wp-content\/uploads\/2025\/09\/IMG_20250629_125050_707-225x300.webp 225w, https:\/\/www.senvoivuokrata.fi\/wp-content\/uploads\/2025\/09\/IMG_20250629_125050_707-1152x1536.webp 1152w, https:\/\/www.senvoivuokrata.fi\/wp-content\/uploads\/2025\/09\/IMG_20250629_125050_707.webp 1350w\" sizes=\"auto, (max-width: 768px) 100vw, 768px\" \/><\/figure>\n\n\n\n<figure class=\"wp-block-image size-large\"><img loading=\"lazy\" decoding=\"async\" width=\"768\" height=\"1024\" src=\"https:\/\/www.senvoivuokrata.fi\/wp-content\/uploads\/2025\/09\/20250622_232322-768x1024.jpg\" alt=\"\" class=\"wp-image-131\" srcset=\"https:\/\/www.senvoivuokrata.fi\/wp-content\/uploads\/2025\/09\/20250622_232322-768x1024.jpg 768w, https:\/\/www.senvoivuokrata.fi\/wp-content\/uploads\/2025\/09\/20250622_232322-225x300.jpg 225w, https:\/\/www.senvoivuokrata.fi\/wp-content\/uploads\/2025\/09\/20250622_232322-1152x1536.jpg 1152w, https:\/\/www.senvoivuokrata.fi\/wp-content\/uploads\/2025\/09\/20250622_232322-rotated.jpg 1530w\" sizes=\"auto, (max-width: 768px) 100vw, 768px\" \/><\/figure>\n","protected":false},"excerpt":{"rendered":"<p>Trekker Cabin L kattoteltta ja siihen sopiva alateltta. T\u00e4m\u00e4n kun laittaa auton katolle, niin leiriytyminen tulee paljon helpommaksi ja hauskemmaksi. Ylh\u00e4\u00e4lt\u00e4 on hyv\u00e4t n\u00e4k\u00f6alat, eik\u00e4 maasta nouseva kosteus tule pilaamaan y\u00f6unia. Ovien \/ ikkunoiden hyttysverkot ja mukava 5 cm paksu patja takaavat hyv\u00e4t ja rauhalliset unet. Telttaan mahtuu mukavasti 2 henke\u00e4. Teltta kiinnitet\u00e4\u00e4n auton kattotelineisiin,&hellip; <a class=\"more-link\" href=\"https:\/\/www.senvoivuokrata.fi\/index.php\/kattoteltta\/\">Jatka lukemista <span class=\"screen-reader-text\">Kattoteltta<\/span><\/a><\/p>\n","protected":false},"author":1,"featured_media":124,"parent":0,"menu_order":0,"comment_status":"closed","ping_status":"closed","template":"","meta":{"footnotes":""},"class_list":["post-123","page","type-page","status-publish","has-post-thumbnail","hentry","entry"],"_links":{"self":[{"href":"https:\/\/www.senvoivuokrata.fi\/index.php\/wp-json\/wp\/v2\/pages\/123","targetHints":{"allow":["GET"]}}],"collection":[{"href":"https:\/\/www.senvoivuokrata.fi\/index.php\/wp-json\/wp\/v2\/pages"}],"about":[{"href":"https:\/\/www.senvoivuokrata.fi\/index.php\/wp-json\/wp\/v2\/types\/page"}],"author":[{"embeddable":true,"href":"https:\/\/www.senvoivuokrata.fi\/index.php\/wp-json\/wp\/v2\/users\/1"}],"replies":[{"embeddable":true,"href":"https:\/\/www.senvoivuokrata.fi\/index.php\/wp-json\/wp\/v2\/comments?post=123"}],"version-history":[{"count":2,"href":"https:\/\/www.senvoivuokrata.fi\/index.php\/wp-json\/wp\/v2\/pages\/123\/revisions"}],"predecessor-version":[{"id":132,"href":"https:\/\/www.senvoivuokrata.fi\/index.php\/wp-json\/wp\/v2\/pages\/123\/revisions\/132"}],"wp:featuredmedia":[{"embeddable":true,"href":"https:\/\/www.senvoivuokrata.fi\/index.php\/wp-json\/wp\/v2\/media\/124"}],"wp:attachment":[{"href":"https:\/\/www.senvoivuokrata.fi\/index.php\/wp-json\/wp\/v2\/media?parent=123"}],"curies":[{"name":"wp","href":"https:\/\/api.w.org\/{rel}","templated":true}]}}