{"id":43,"date":"2025-08-18T17:53:31","date_gmt":"2025-08-18T17:53:31","guid":{"rendered":"https:\/\/www.senvoivuokrata.fi\/?page_id=43"},"modified":"2025-09-03T16:21:42","modified_gmt":"2025-09-03T16:21:42","slug":"garmin","status":"publish","type":"page","link":"https:\/\/www.senvoivuokrata.fi\/index.php\/garmin\/","title":{"rendered":"Garmin inReach MINI 2 satelliittiviestin"},"content":{"rendered":"\n<p>Pienikokoisen satelliittiviestimen avulla voit pit\u00e4\u00e4 yhteytt\u00e4 kotiv\u00e4keen ja yst\u00e4viin miss\u00e4 p\u00e4in maailmaa tahansa.<\/p>\n\n\n\n<p>T\u00e4rkeimm\u00e4t ominaisuudet ovat kaksisuuntaiset tekstiviestit, sijainnin jakaminen ja vuorovaikutteiset SOS-viestit. Toki muitakin ominaisuuksia on h\u00e4mm\u00e4stytt\u00e4v\u00e4n paljon n\u00e4in pieneen laitteeseen. <\/p>\n\n\n\n<p>Ehdoton turvallisuutta lis\u00e4\u00e4v\u00e4 laite mm. vaelluksille, purjehduksille ja sukellusreissuille, joissa ei ole GSM-kuuluvuutta. Voit esimerkiksi l\u00e4hett\u00e4\u00e4 valmiiksi ohjelmoidun tekstiviestin &#8221;y\u00f6vyn t\u00e4ss\u00e4, kaikki hyvin&#8221; ja koordinaatit tai h\u00e4lytt\u00e4\u00e4 apua 24\/7 auki olevan h\u00e4t\u00e4keskuksen kautta.<\/p>\n\n\n\n<p>Tekniset tiedot:<br>Koko: 5,17 x 9,9 x 2,61 cm<br>Paino: 100 g<br>Liit\u00e4nt\u00e4: USB-C<br>IPX7-luokitus (vedenkest\u00e4v\u00e4 1 m, 30 min)<br>Yhteydet: Maailman laajuinen Iridium-satelliittiverkko, bluetooth<\/p>\n\n\n\n<p>Vuokraus sis\u00e4lt\u00e4\u00e4 laitteen ja liittym\u00e4n, tekstiviestej\u00e4 3 kpl \/ p\u00e4iv\u00e4. <\/p>\n\n\n\n<p>Hinnasto:<br>15\u20ac \/ 1 vrk<br>25\u20ac \/ 3 vrk<br>30\u20ac \/ 7 vrk<br>Pidemm\u00e4t ajat sopimuksen mukaan.<br>Kaikki hinnat sis\u00e4lt\u00e4v\u00e4t ALV 25,5%.<br>Mahdollinen postitus 6\u20ac.<\/p>\n\n\n\n<p><\/p>\n\n\n\n<p><\/p>\n","protected":false},"excerpt":{"rendered":"<p>Pienikokoisen satelliittiviestimen avulla voit pit\u00e4\u00e4 yhteytt\u00e4 kotiv\u00e4keen ja yst\u00e4viin miss\u00e4 p\u00e4in maailmaa tahansa. T\u00e4rkeimm\u00e4t ominaisuudet ovat kaksisuuntaiset tekstiviestit, sijainnin jakaminen ja vuorovaikutteiset SOS-viestit. Toki muitakin ominaisuuksia on h\u00e4mm\u00e4stytt\u00e4v\u00e4n paljon n\u00e4in pieneen laitteeseen. Ehdoton turvallisuutta lis\u00e4\u00e4v\u00e4 laite mm. vaelluksille, purjehduksille ja sukellusreissuille, joissa ei ole GSM-kuuluvuutta. Voit esimerkiksi l\u00e4hett\u00e4\u00e4 valmiiksi ohjelmoidun tekstiviestin &#8221;y\u00f6vyn t\u00e4ss\u00e4, kaikki hyvin&#8221;&hellip; <a class=\"more-link\" href=\"https:\/\/www.senvoivuokrata.fi\/index.php\/garmin\/\">Jatka lukemista <span class=\"screen-reader-text\">Garmin inReach MINI 2 satelliittiviestin<\/span><\/a><\/p>\n","protected":false},"author":1,"featured_media":47,"parent":0,"menu_order":0,"comment_status":"closed","ping_status":"closed","template":"","meta":{"footnotes":""},"class_list":["post-43","page","type-page","status-publish","has-post-thumbnail","hentry","entry"],"_links":{"self":[{"href":"https:\/\/www.senvoivuokrata.fi\/index.php\/wp-json\/wp\/v2\/pages\/43","targetHints":{"allow":["GET"]}}],"collection":[{"href":"https:\/\/www.senvoivuokrata.fi\/index.php\/wp-json\/wp\/v2\/pages"}],"about":[{"href":"https:\/\/www.senvoivuokrata.fi\/index.php\/wp-json\/wp\/v2\/types\/page"}],"author":[{"embeddable":true,"href":"https:\/\/www.senvoivuokrata.fi\/index.php\/wp-json\/wp\/v2\/users\/1"}],"replies":[{"embeddable":true,"href":"https:\/\/www.senvoivuokrata.fi\/index.php\/wp-json\/wp\/v2\/comments?post=43"}],"version-history":[{"count":5,"href":"https:\/\/www.senvoivuokrata.fi\/index.php\/wp-json\/wp\/v2\/pages\/43\/revisions"}],"predecessor-version":[{"id":126,"href":"https:\/\/www.senvoivuokrata.fi\/index.php\/wp-json\/wp\/v2\/pages\/43\/revisions\/126"}],"wp:featuredmedia":[{"embeddable":true,"href":"https:\/\/www.senvoivuokrata.fi\/index.php\/wp-json\/wp\/v2\/media\/47"}],"wp:attachment":[{"href":"https:\/\/www.senvoivuokrata.fi\/index.php\/wp-json\/wp\/v2\/media?parent=43"}],"curies":[{"name":"wp","href":"https:\/\/api.w.org\/{rel}","templated":true}]}}